{"id":394,"date":"2025-12-30T02:55:43","date_gmt":"2025-12-30T02:55:43","guid":{"rendered":"https:\/\/casalaslilas.com\/?page_id=394"},"modified":"2026-01-12T22:43:08","modified_gmt":"2026-01-12T22:43:08","slug":"casa","status":"publish","type":"page","link":"https:\/\/casalaslilas.com\/en\/casa\/","title":{"rendered":"Casa"},"content":{"rendered":"<div data-elementor-type=\"wp-page\" data-elementor-id=\"394\" class=\"elementor elementor-394\" data-elementor-post-type=\"page\">\n\t\t\t\t<div class=\"elementor-element elementor-element-be77d97 e-con-full e-flex e-con e-parent\" data-id=\"be77d97\" data-element_type=\"container\" data-e-type=\"container\" data-settings=\"{&quot;background_background&quot;:&quot;classic&quot;}\">\n\t\t<div class=\"elementor-element elementor-element-3d7e32b e-con-full e-flex elementor-invisible e-con e-child\" data-id=\"3d7e32b\" data-element_type=\"container\" data-e-type=\"container\" data-settings=\"{&quot;animation&quot;:&quot;fadeInUp&quot;,&quot;animation_delay&quot;:50}\">\n\t\t\t\t<div class=\"elementor-element elementor-element-8291276 elementor-widget elementor-widget-video\" data-id=\"8291276\" data-element_type=\"widget\" data-e-type=\"widget\" data-settings=\"{&quot;video_type&quot;:&quot;hosted&quot;,&quot;autoplay&quot;:&quot;yes&quot;,&quot;play_on_mobile&quot;:&quot;yes&quot;,&quot;mute&quot;:&quot;yes&quot;,&quot;loop&quot;:&quot;yes&quot;}\" data-widget_type=\"video.default\">\n\t\t\t\t\t\t\t<div class=\"e-hosted-video elementor-wrapper elementor-open-inline\">\n\t\t\t\t\t<video class=\"elementor-video\" src=\"https:\/\/casalaslilas.com\/wp-content\/uploads\/2025\/12\/Arquitectura-planos-animada.mp4\" autoplay=\"\" loop=\"\" muted=\"muted\" playsinline=\"\" controlslist=\"nodownload\"><\/video>\n\t\t\t\t<\/div>\n\t\t\t\t\t\t<\/div>\n\t\t\t\t<div class=\"elementor-element elementor-element-17117a7 elementor-widget elementor-widget-video\" data-id=\"17117a7\" data-element_type=\"widget\" data-e-type=\"widget\" data-settings=\"{&quot;video_type&quot;:&quot;hosted&quot;,&quot;autoplay&quot;:&quot;yes&quot;,&quot;play_on_mobile&quot;:&quot;yes&quot;,&quot;mute&quot;:&quot;yes&quot;,&quot;loop&quot;:&quot;yes&quot;}\" data-widget_type=\"video.default\">\n\t\t\t\t\t\t\t<div class=\"e-hosted-video elementor-wrapper elementor-open-inline\">\n\t\t\t\t\t<video class=\"elementor-video\" src=\"https:\/\/casalaslilas.com\/wp-content\/uploads\/2025\/12\/Arquitectura-planos-animada-1.mp4\" autoplay=\"\" loop=\"\" muted=\"muted\" playsinline=\"\" controlslist=\"nodownload\"><\/video>\n\t\t\t\t<\/div>\n\t\t\t\t\t\t<\/div>\n\t\t\t\t<\/div>\n\t\t<div class=\"elementor-element elementor-element-264a214 e-con-full e-flex elementor-invisible e-con e-child\" data-id=\"264a214\" data-element_type=\"container\" data-e-type=\"container\" data-settings=\"{&quot;animation&quot;:&quot;fadeInUp&quot;,&quot;animation_delay&quot;:150}\">\n\t\t\t\t<div class=\"elementor-element elementor-element-a14243f elementor-widget elementor-widget-heading\" data-id=\"a14243f\" data-element_type=\"widget\" data-e-type=\"widget\" data-widget_type=\"heading.default\">\n\t\t\t\t\t<h2 class=\"elementor-heading-title elementor-size-default\">Casa Las Lilas<\/h2>\t\t\t\t<\/div>\n\t\t\t\t<div class=\"elementor-element elementor-element-a2b2b42 elementor-widget__width-initial elementor-widget-tablet__width-inherit elementor-widget-mobile__width-inherit elementor-widget elementor-widget-text-editor\" data-id=\"a2b2b42\" data-element_type=\"widget\" data-e-type=\"widget\" data-widget_type=\"text-editor.default\">\n\t\t\t\t\t\t\t\t\t<p>Concebida como residencia familiar en (1930), esta casa fue dise\u00f1ada por el arquitecto Alberto Risopatr\u00f3n, primer presidente del Colegio de Arquitectos de Chile, y a lo largo de su historia ha ido cambiando de vocaci\u00f3n: en distintas etapas alberg\u00f3 entidades culturales, consultoras y compa\u00f1\u00edas a\u00e9reas.<span class=\"Apple-converted-space\">\u00a0<\/span><\/p>\t\t\t\t\t\t\t\t<\/div>\n\t\t\t\t<\/div>\n\t\t\t\t<\/div>\n\t\t<div class=\"elementor-element elementor-element-448e1e2 e-con-full e-flex e-con e-parent\" data-id=\"448e1e2\" data-element_type=\"container\" data-e-type=\"container\" data-settings=\"{&quot;background_background&quot;:&quot;classic&quot;}\">\n\t\t<div class=\"elementor-element elementor-element-28a3849 e-con-full e-flex elementor-invisible e-con e-child\" data-id=\"28a3849\" data-element_type=\"container\" data-e-type=\"container\" data-settings=\"{&quot;animation&quot;:&quot;fadeInUp&quot;,&quot;animation_delay&quot;:150}\">\n\t\t\t\t<div class=\"elementor-element elementor-element-d4f654b elementor-widget elementor-widget-heading\" data-id=\"d4f654b\" data-element_type=\"widget\" data-e-type=\"widget\" data-widget_type=\"heading.default\">\n\t\t\t\t\t<h2 class=\"elementor-heading-title elementor-size-default\">Lavander\u00eda<\/h2>\t\t\t\t<\/div>\n\t\t\t\t<div class=\"elementor-element elementor-element-5e99525 elementor-widget__width-initial elementor-widget-tablet__width-inherit elementor-widget-mobile__width-inherit elementor-widget elementor-widget-text-editor\" data-id=\"5e99525\" data-element_type=\"widget\" data-e-type=\"widget\" data-widget_type=\"text-editor.default\">\n\t\t\t\t\t\t\t\t\t<p>Contamos con una lavander\u00eda equipada para que puedas lavar tu ropa sin depender de servicios externos.<\/p>\t\t\t\t\t\t\t\t<\/div>\n\t\t\t\t<\/div>\n\t\t<div class=\"elementor-element elementor-element-2623d2a e-con-full e-flex elementor-invisible e-con e-child\" data-id=\"2623d2a\" data-element_type=\"container\" data-e-type=\"container\" data-settings=\"{&quot;animation&quot;:&quot;fadeInUp&quot;,&quot;animation_delay&quot;:50}\">\n\t\t\t\t<div class=\"elementor-element elementor-element-114e108 elementor-widget__width-initial elementor-widget elementor-widget-image\" data-id=\"114e108\" data-element_type=\"widget\" data-e-type=\"widget\" data-settings=\"{&quot;motion_fx_motion_fx_mouse&quot;:&quot;yes&quot;,&quot;motion_fx_mouseTrack_effect&quot;:&quot;yes&quot;,&quot;motion_fx_mouseTrack_speed&quot;:{&quot;unit&quot;:&quot;px&quot;,&quot;size&quot;:0.1,&quot;sizes&quot;:[]}}\" data-widget_type=\"image.default\">\n\t\t\t\t\t\t\t\t\t\t\t\t\t\t\t<img fetchpriority=\"high\" decoding=\"async\" width=\"654\" height=\"1024\" src=\"https:\/\/casalaslilas.com\/wp-content\/uploads\/2025\/12\/42-_MG_2009-654x1024.webp\" class=\"attachment-large size-large wp-image-165\" alt=\"\" srcset=\"https:\/\/casalaslilas.com\/wp-content\/uploads\/2025\/12\/42-_MG_2009-654x1024.webp 654w, https:\/\/casalaslilas.com\/wp-content\/uploads\/2025\/12\/42-_MG_2009-192x300.webp 192w, https:\/\/casalaslilas.com\/wp-content\/uploads\/2025\/12\/42-_MG_2009-768x1202.webp 768w, https:\/\/casalaslilas.com\/wp-content\/uploads\/2025\/12\/42-_MG_2009-982x1536.webp 982w, https:\/\/casalaslilas.com\/wp-content\/uploads\/2025\/12\/42-_MG_2009-1309x2048.webp 1309w, https:\/\/casalaslilas.com\/wp-content\/uploads\/2025\/12\/42-_MG_2009-scaled.webp 1636w\" sizes=\"(max-width: 654px) 100vw, 654px\" \/>\t\t\t\t\t\t\t\t\t\t\t\t\t\t\t<\/div>\n\t\t\t\t<div class=\"elementor-element elementor-element-084020a elementor-widget__width-initial elementor-widget elementor-widget-image-carousel\" data-id=\"084020a\" data-element_type=\"widget\" data-e-type=\"widget\" data-settings=\"{&quot;slides_to_show&quot;:&quot;1&quot;,&quot;lazyload&quot;:&quot;yes&quot;,&quot;autoplay_speed&quot;:3000,&quot;navigation&quot;:&quot;none&quot;,&quot;autoplay&quot;:&quot;yes&quot;,&quot;pause_on_hover&quot;:&quot;yes&quot;,&quot;pause_on_interaction&quot;:&quot;yes&quot;,&quot;infinite&quot;:&quot;yes&quot;,&quot;effect&quot;:&quot;slide&quot;,&quot;speed&quot;:500}\" data-widget_type=\"image-carousel.default\">\n\t\t\t\t\t\t\t<div class=\"elementor-image-carousel-wrapper swiper\" role=\"region\" aria-roledescription=\"carousel\" aria-label=\"Carousel of images\" dir=\"ltr\">\n\t\t\t<div class=\"elementor-image-carousel swiper-wrapper\" aria-live=\"off\">\n\t\t\t\t\t\t\t\t<div class=\"swiper-slide\" role=\"group\" aria-roledescription=\"slide\" aria-label=\"1 of 2\" data-no-translation-aria-label=\"\"><figure class=\"swiper-slide-inner\"><img class=\"swiper-slide-image swiper-lazy\" data-src=\"https:\/\/casalaslilas.com\/wp-content\/uploads\/elementor\/thumbs\/32-_MG_2071-scaled-rgw4vtpxp3r4cilyvwh0vybt3cflbftdyrxfijjkm8.webp\" alt=\"32-_MG_2071\" \/><div class=\"swiper-lazy-preloader\"><\/div><\/figure><\/div><div class=\"swiper-slide\" role=\"group\" aria-roledescription=\"slide\" aria-label=\"2 of 2\" data-no-translation-aria-label=\"\"><figure class=\"swiper-slide-inner\"><img class=\"swiper-slide-image swiper-lazy\" data-src=\"https:\/\/casalaslilas.com\/wp-content\/uploads\/elementor\/thumbs\/31-_MG_2075-scaled-rgw4vwjg9luzbchvffowlfm6vi1oyj4kz5vvydfe3k.webp\" alt=\"31-_MG_2075\" \/><div class=\"swiper-lazy-preloader\"><\/div><\/figure><\/div>\t\t\t<\/div>\n\t\t\t\t\t\t\t\n\t\t\t\t\t\t\t\t\t<\/div>\n\t\t\t\t\t\t<\/div>\n\t\t\t\t<\/div>\n\t\t\t\t<\/div>\n\t\t<div class=\"elementor-element elementor-element-0986877 e-con-full e-flex e-con e-parent\" data-id=\"0986877\" data-element_type=\"container\" data-e-type=\"container\" data-settings=\"{&quot;background_background&quot;:&quot;classic&quot;}\">\n\t\t<div class=\"elementor-element elementor-element-f176de0 e-con-full e-flex elementor-invisible e-con e-child\" data-id=\"f176de0\" data-element_type=\"container\" data-e-type=\"container\" data-settings=\"{&quot;animation&quot;:&quot;fadeInUp&quot;,&quot;animation_delay&quot;:150}\">\n\t\t\t\t<div class=\"elementor-element elementor-element-a8a7f6d elementor-widget elementor-widget-heading\" data-id=\"a8a7f6d\" data-element_type=\"widget\" data-e-type=\"widget\" data-widget_type=\"heading.default\">\n\t\t\t\t\t<h2 class=\"elementor-heading-title elementor-size-default\">Cocina + lockers<\/h2>\t\t\t\t<\/div>\n\t\t\t\t<div class=\"elementor-element elementor-element-b116d5e elementor-widget__width-initial elementor-widget-tablet__width-inherit elementor-widget-mobile__width-inherit elementor-widget elementor-widget-text-editor\" data-id=\"b116d5e\" data-element_type=\"widget\" data-e-type=\"widget\" data-widget_type=\"text-editor.default\">\n\t\t\t\t\t\t\t\t\t<p>Cada piso cuenta con un \u00e1rea de cocina moderna.<\/p><p>Estas cocinas, que son compartidas con las habitaciones del piso, est\u00e1n equipadas con quemadores el\u00e9ctricos, refrigeradores, lockers personales, hornos, microondas, hervidores, y utensilios de cocina.<span class=\"Apple-converted-space\">\u00a0<\/span><\/p>\t\t\t\t\t\t\t\t<\/div>\n\t\t\t\t<\/div>\n\t\t<div class=\"elementor-element elementor-element-9dd6df8 e-con-full e-flex elementor-invisible e-con e-child\" data-id=\"9dd6df8\" data-element_type=\"container\" data-e-type=\"container\" data-settings=\"{&quot;animation&quot;:&quot;fadeInUp&quot;,&quot;animation_delay&quot;:50}\">\n\t\t\t\t<div class=\"elementor-element elementor-element-2028372 elementor-widget__width-initial elementor-widget elementor-widget-image\" data-id=\"2028372\" data-element_type=\"widget\" data-e-type=\"widget\" data-settings=\"{&quot;motion_fx_motion_fx_mouse&quot;:&quot;yes&quot;,&quot;motion_fx_mouseTrack_effect&quot;:&quot;yes&quot;,&quot;motion_fx_mouseTrack_speed&quot;:{&quot;unit&quot;:&quot;px&quot;,&quot;size&quot;:0.1,&quot;sizes&quot;:[]}}\" data-widget_type=\"image.default\">\n\t\t\t\t\t\t\t\t\t\t\t\t\t\t\t<img decoding=\"async\" width=\"800\" height=\"459\" src=\"https:\/\/casalaslilas.com\/wp-content\/uploads\/2025\/12\/45-_MG_2003-1024x588.webp\" class=\"attachment-large size-large wp-image-162\" alt=\"\" srcset=\"https:\/\/casalaslilas.com\/wp-content\/uploads\/2025\/12\/45-_MG_2003-1024x588.webp 1024w, https:\/\/casalaslilas.com\/wp-content\/uploads\/2025\/12\/45-_MG_2003-300x172.webp 300w, https:\/\/casalaslilas.com\/wp-content\/uploads\/2025\/12\/45-_MG_2003-768x441.webp 768w, https:\/\/casalaslilas.com\/wp-content\/uploads\/2025\/12\/45-_MG_2003-1536x881.webp 1536w, https:\/\/casalaslilas.com\/wp-content\/uploads\/2025\/12\/45-_MG_2003-2048x1175.webp 2048w\" sizes=\"(max-width: 800px) 100vw, 800px\" \/>\t\t\t\t\t\t\t\t\t\t\t\t\t\t\t<\/div>\n\t\t\t\t<div class=\"elementor-element elementor-element-45bce9b elementor-widget__width-initial elementor-widget elementor-widget-image-carousel\" data-id=\"45bce9b\" data-element_type=\"widget\" data-e-type=\"widget\" data-settings=\"{&quot;slides_to_show&quot;:&quot;1&quot;,&quot;lazyload&quot;:&quot;yes&quot;,&quot;autoplay_speed&quot;:3000,&quot;navigation&quot;:&quot;none&quot;,&quot;autoplay&quot;:&quot;yes&quot;,&quot;pause_on_hover&quot;:&quot;yes&quot;,&quot;pause_on_interaction&quot;:&quot;yes&quot;,&quot;infinite&quot;:&quot;yes&quot;,&quot;effect&quot;:&quot;slide&quot;,&quot;speed&quot;:500}\" data-widget_type=\"image-carousel.default\">\n\t\t\t\t\t\t\t<div class=\"elementor-image-carousel-wrapper swiper\" role=\"region\" aria-roledescription=\"carousel\" aria-label=\"Carousel of images\" dir=\"ltr\">\n\t\t\t<div class=\"elementor-image-carousel swiper-wrapper\" aria-live=\"off\">\n\t\t\t\t\t\t\t\t<div class=\"swiper-slide\" role=\"group\" aria-roledescription=\"slide\" aria-label=\"1 of 3\" data-no-translation-aria-label=\"\"><figure class=\"swiper-slide-inner\"><img class=\"swiper-slide-image swiper-lazy\" data-src=\"https:\/\/casalaslilas.com\/wp-content\/uploads\/elementor\/thumbs\/42-_MG_2009-scaled-rgw4uu02hee83c1uoh1797caipbn6xvl5v4za10j6o.webp\" alt=\"42-_MG_2009\" \/><div class=\"swiper-lazy-preloader\"><\/div><\/figure><\/div><div class=\"swiper-slide\" role=\"group\" aria-roledescription=\"slide\" aria-label=\"2 of 3\" data-no-translation-aria-label=\"\"><figure class=\"swiper-slide-inner\"><img class=\"swiper-slide-image swiper-lazy\" data-src=\"https:\/\/casalaslilas.com\/wp-content\/uploads\/elementor\/thumbs\/10-_MG_2210-scaled-rgw4xkp4f05bye2ho5p110fow5t6n5rejfmyo2y71c.webp\" alt=\"10-_MG_2210\" \/><div class=\"swiper-lazy-preloader\"><\/div><\/figure><\/div><div class=\"swiper-slide\" role=\"group\" aria-roledescription=\"slide\" aria-label=\"3 of 3\" data-no-translation-aria-label=\"\"><figure class=\"swiper-slide-inner\"><img class=\"swiper-slide-image swiper-lazy\" data-src=\"https:\/\/casalaslilas.com\/wp-content\/uploads\/elementor\/thumbs\/41-_MG_2012-scaled-rgw4uyp9fkknpdv0x12c3o5lhmoh9fe8uieeoetkbk.webp\" alt=\"41-_MG_2012\" \/><div class=\"swiper-lazy-preloader\"><\/div><\/figure><\/div>\t\t\t<\/div>\n\t\t\t\t\t\t\t\n\t\t\t\t\t\t\t\t\t<\/div>\n\t\t\t\t\t\t<\/div>\n\t\t\t\t<\/div>\n\t\t\t\t<\/div>\n\t\t<div class=\"elementor-element elementor-element-4b2c559 e-con-full e-flex e-con e-parent\" data-id=\"4b2c559\" data-element_type=\"container\" data-e-type=\"container\" data-settings=\"{&quot;background_background&quot;:&quot;classic&quot;}\">\n\t\t<div class=\"elementor-element elementor-element-d93bdea e-con-full e-flex elementor-invisible e-con e-child\" data-id=\"d93bdea\" data-element_type=\"container\" data-e-type=\"container\" data-settings=\"{&quot;animation&quot;:&quot;fadeInUp&quot;,&quot;animation_delay&quot;:150}\">\n\t\t\t\t<div class=\"elementor-element elementor-element-aa6bc91 elementor-widget elementor-widget-heading\" data-id=\"aa6bc91\" data-element_type=\"widget\" data-e-type=\"widget\" data-widget_type=\"heading.default\">\n\t\t\t\t\t<h2 class=\"elementor-heading-title elementor-size-default\">Security<\/h2>\t\t\t\t<\/div>\n\t\t\t\t<div class=\"elementor-element elementor-element-6e58546 elementor-widget__width-initial elementor-widget-tablet__width-inherit elementor-widget-mobile__width-inherit elementor-widget elementor-widget-text-editor\" data-id=\"6e58546\" data-element_type=\"widget\" data-e-type=\"widget\" data-widget_type=\"text-editor.default\">\n\t\t\t\t\t\t\t\t\t<p>El acceso al edificio es controlado y verificado mediante un sistema computacional con un c\u00f3digo personal.<\/p><p>Este mismo c\u00f3digo se utiliza para ingresar al recinto, al edificio y a la habitaci\u00f3n. En el edificio se encuentra personal de seguridad, d\u00eda y noche, as\u00ed como c\u00e1maras de vigilancia en zonas comunes.<span class=\"Apple-converted-space\">\u00a0<\/span><\/p>\t\t\t\t\t\t\t\t<\/div>\n\t\t\t\t<\/div>\n\t\t<div class=\"elementor-element elementor-element-1a3a708 e-con-full e-flex elementor-invisible e-con e-child\" data-id=\"1a3a708\" data-element_type=\"container\" data-e-type=\"container\" data-settings=\"{&quot;animation&quot;:&quot;fadeInUp&quot;,&quot;animation_delay&quot;:50}\">\n\t\t\t\t<div class=\"elementor-element elementor-element-193305a elementor-widget__width-initial elementor-widget elementor-widget-image\" data-id=\"193305a\" data-element_type=\"widget\" data-e-type=\"widget\" data-settings=\"{&quot;motion_fx_motion_fx_mouse&quot;:&quot;yes&quot;,&quot;motion_fx_mouseTrack_effect&quot;:&quot;yes&quot;,&quot;motion_fx_mouseTrack_speed&quot;:{&quot;unit&quot;:&quot;px&quot;,&quot;size&quot;:0.1,&quot;sizes&quot;:[]}}\" data-widget_type=\"image.default\">\n\t\t\t\t\t\t\t\t\t\t\t\t\t\t\t<img decoding=\"async\" width=\"800\" height=\"534\" src=\"https:\/\/casalaslilas.com\/wp-content\/uploads\/2025\/12\/12-_MG_2188-1024x683.webp\" class=\"attachment-large size-large wp-image-188\" alt=\"\" srcset=\"https:\/\/casalaslilas.com\/wp-content\/uploads\/2025\/12\/12-_MG_2188-1024x683.webp 1024w, https:\/\/casalaslilas.com\/wp-content\/uploads\/2025\/12\/12-_MG_2188-300x200.webp 300w, https:\/\/casalaslilas.com\/wp-content\/uploads\/2025\/12\/12-_MG_2188-768x512.webp 768w, https:\/\/casalaslilas.com\/wp-content\/uploads\/2025\/12\/12-_MG_2188-1536x1024.webp 1536w, https:\/\/casalaslilas.com\/wp-content\/uploads\/2025\/12\/12-_MG_2188-2048x1365.webp 2048w\" sizes=\"(max-width: 800px) 100vw, 800px\" \/>\t\t\t\t\t\t\t\t\t\t\t\t\t\t\t<\/div>\n\t\t\t\t<div class=\"elementor-element elementor-element-48a4f57 elementor-widget__width-initial elementor-widget elementor-widget-image-carousel\" data-id=\"48a4f57\" data-element_type=\"widget\" data-e-type=\"widget\" data-settings=\"{&quot;slides_to_show&quot;:&quot;1&quot;,&quot;lazyload&quot;:&quot;yes&quot;,&quot;autoplay_speed&quot;:3000,&quot;navigation&quot;:&quot;none&quot;,&quot;autoplay&quot;:&quot;yes&quot;,&quot;pause_on_hover&quot;:&quot;yes&quot;,&quot;pause_on_interaction&quot;:&quot;yes&quot;,&quot;infinite&quot;:&quot;yes&quot;,&quot;effect&quot;:&quot;slide&quot;,&quot;speed&quot;:500}\" data-widget_type=\"image-carousel.default\">\n\t\t\t\t\t\t\t<div class=\"elementor-image-carousel-wrapper swiper\" role=\"region\" aria-roledescription=\"carousel\" aria-label=\"Carousel of images\" dir=\"ltr\">\n\t\t\t<div class=\"elementor-image-carousel swiper-wrapper\" aria-live=\"off\">\n\t\t\t\t\t\t\t\t<div class=\"swiper-slide\" role=\"group\" aria-roledescription=\"slide\" aria-label=\"1 of 2\" data-no-translation-aria-label=\"\"><figure class=\"swiper-slide-inner\"><img class=\"swiper-slide-image swiper-lazy\" data-src=\"https:\/\/casalaslilas.com\/wp-content\/uploads\/elementor\/thumbs\/29-_MG_2086-scaled-rgw4w4zzz46k7u5l21cjpvhc7yvzvt260br99v2ujk.webp\" alt=\"29-_MG_2086\" \/><div class=\"swiper-lazy-preloader\"><\/div><\/figure><\/div><div class=\"swiper-slide\" role=\"group\" aria-roledescription=\"slide\" aria-label=\"2 of 2\" data-no-translation-aria-label=\"\"><figure class=\"swiper-slide-inner\"><img class=\"swiper-slide-image swiper-lazy\" data-src=\"https:\/\/casalaslilas.com\/wp-content\/uploads\/elementor\/thumbs\/30-_MG_2078-scaled-rgw4w18n7s1exeb1nzq1fwfhufej10n8nt5bcr8f8g.webp\" alt=\"30-_MG_2078\" \/><div class=\"swiper-lazy-preloader\"><\/div><\/figure><\/div>\t\t\t<\/div>\n\t\t\t\t\t\t\t\n\t\t\t\t\t\t\t\t\t<\/div>\n\t\t\t\t\t\t<\/div>\n\t\t\t\t<\/div>\n\t\t\t\t<\/div>\n\t\t<div class=\"elementor-element elementor-element-0e50972 e-flex e-con-boxed e-con e-parent\" data-id=\"0e50972\" data-element_type=\"container\" data-e-type=\"container\" data-settings=\"{&quot;background_background&quot;:&quot;classic&quot;}\">\n\t\t\t\t\t<div class=\"e-con-inner\">\n\t\t<div class=\"elementor-element elementor-element-5ef8bad e-con-full e-flex e-con e-child\" data-id=\"5ef8bad\" data-element_type=\"container\" data-e-type=\"container\">\n\t\t\t\t<div class=\"elementor-element elementor-element-453f050 elementor-invisible elementor-widget elementor-widget-heading\" data-id=\"453f050\" data-element_type=\"widget\" data-e-type=\"widget\" data-settings=\"{&quot;_animation&quot;:&quot;fadeInUp&quot;,&quot;_animation_delay&quot;:100}\" data-widget_type=\"heading.default\">\n\t\t\t\t\t<h2 class=\"elementor-heading-title elementor-size-default\">Nuestra Historia<\/h2>\t\t\t\t<\/div>\n\t\t\t\t<div class=\"elementor-element elementor-element-ba77ebe elementor-widget__width-initial elementor-widget elementor-widget-text-editor\" data-id=\"ba77ebe\" data-element_type=\"widget\" data-e-type=\"widget\" data-widget_type=\"text-editor.default\">\n\t\t\t\t\t\t\t\t\t<p>A fines de los \u201890 llegamos a lo que hoy es Casa Las Lilas, con una oficina de apoyo a programas de desarrollo de base, por una parte, y las oficinas en Chile de una compa\u00f1\u00eda a\u00e9rea asi\u00e1tica.<span class=\"Apple-converted-space\">\u00a0<\/span><\/p><p>Con el paso del tiempo y luego de permanecer algunos a\u00f1os fuera de Chile, nos abocamos a la idea de hacer \u2018renacer\u2019 esta casa.<\/p><p>Nuestra idea cambi\u00f3 a un proyecto y luego en algo m\u00e1s tangible, para proporcionar un valor adicional a esta zona de Providencia, antiguamente llamada Las Lilas. De all\u00ed el nombre: Un poco del pasado a un edificio rejuvenecido.<\/p>\t\t\t\t\t\t\t\t<\/div>\n\t\t\t\t<\/div>\n\t\t\t\t\t<\/div>\n\t\t\t\t<\/div>\n\t\t\t\t<\/div>","protected":false},"excerpt":{"rendered":"<p>https:\/\/casalaslilas.com\/wp-content\/uploads\/2025\/12\/Arquitectura-planos-animada.mp4https:\/\/casalaslilas.com\/wp-content\/uploads\/2025\/12\/Arquitectura-planos-animada-1.mp4 Casa Las Lilas Concebida como residencia familiar en (1930), esta casa fue dise\u00f1ada por el arquitecto Alberto Risopatr\u00f3n, primer presidente del Colegio de Arquitectos de Chile, y a lo largo de su historia ha ido cambiando de vocaci\u00f3n: en distintas etapas alberg\u00f3 entidades culturales, consultoras y compa\u00f1\u00edas a\u00e9reas.\u00a0 Lavander\u00eda Contamos con una lavander\u00eda equipada [&hellip;]<\/p>\n","protected":false},"author":1,"featured_media":0,"parent":0,"menu_order":0,"comment_status":"closed","ping_status":"closed","template":"","meta":{"_acf_changed":false,"footnotes":""},"class_list":["post-394","page","type-page","status-publish","hentry"],"acf":[],"_hostinger_reach_plugin_has_subscription_block":false,"_hostinger_reach_plugin_is_elementor":false,"_links":{"self":[{"href":"https:\/\/casalaslilas.com\/en\/wp-json\/wp\/v2\/pages\/394","targetHints":{"allow":["GET"]}}],"collection":[{"href":"https:\/\/casalaslilas.com\/en\/wp-json\/wp\/v2\/pages"}],"about":[{"href":"https:\/\/casalaslilas.com\/en\/wp-json\/wp\/v2\/types\/page"}],"author":[{"embeddable":true,"href":"https:\/\/casalaslilas.com\/en\/wp-json\/wp\/v2\/users\/1"}],"replies":[{"embeddable":true,"href":"https:\/\/casalaslilas.com\/en\/wp-json\/wp\/v2\/comments?post=394"}],"version-history":[{"count":88,"href":"https:\/\/casalaslilas.com\/en\/wp-json\/wp\/v2\/pages\/394\/revisions"}],"predecessor-version":[{"id":880,"href":"https:\/\/casalaslilas.com\/en\/wp-json\/wp\/v2\/pages\/394\/revisions\/880"}],"wp:attachment":[{"href":"https:\/\/casalaslilas.com\/en\/wp-json\/wp\/v2\/media?parent=394"}],"curies":[{"name":"wp","href":"https:\/\/api.w.org\/{rel}","templated":true}]}}